{"id":104,"date":"2022-10-22T14:01:15","date_gmt":"2022-10-22T12:01:15","guid":{"rendered":"http:\/\/192.168.0.103\/?page_id=104"},"modified":"2026-02-08T11:43:23","modified_gmt":"2026-02-08T11:43:23","slug":"startseite","status":"publish","type":"page","link":"https:\/\/elektrogause.de\/","title":{"rendered":"Willkommen"},"content":{"rendered":"\n<p class=\"has-text-align-left\" id=\"willkommen\">Sie sind auf der Suche nach einem zuverl\u00e4ssigen, vertrauensw\u00fcrdigen und effizienten Elektriker, suchen Sie nicht weiter. Entscheiden Sie sich f\u00fcr Elektro Gause.<\/p>\n\n\n\n<p class=\"has-text-align-left\" id=\"willkommen\">Wir unterst\u00fctzen Sie elektrisch bei ihrem&nbsp;Bauvorhaben, Reparaturen, Wartungen oder jeglichen anderen Projekten.&nbsp;Melden Sie sich einfach bei uns und sagen Sie uns, was wir f\u00fcr Sie tun k\u00f6nnen.<\/p>\n\n\n\n<div class=\"wp-block-cover alignfull\"><span aria-hidden=\"true\" class=\"wp-block-cover__background has-background-dim-100 has-background-dim\" style=\"background-color:#262626\"><\/span><div class=\"wp-block-cover__inner-container is-layout-flow wp-block-cover-is-layout-flow\">\n<div class=\"wp-block-cover aligncenter\"><span aria-hidden=\"true\" class=\"wp-block-cover__background has-foreground-background-color has-background-dim-0 has-background-dim\"><\/span><div class=\"wp-block-cover__inner-container is-layout-flow wp-block-cover-is-layout-flow\">\n<div class=\"wp-block-group is-layout-constrained wp-block-group-is-layout-constrained\" style=\"border-radius:0px\">\n<p class=\"has-text-align-left has-large-font-size\" id=\"ueberuns\">\u00dcber uns<\/p>\n\n\n\n<figure class=\"wp-block-image alignwide size-large\"><img loading=\"lazy\" decoding=\"async\" width=\"1024\" height=\"576\" src=\"https:\/\/elektrogause.de\/wp-content\/uploads\/2026\/02\/ueber_uns-1024x576.jpg\" alt=\"\" class=\"wp-image-323\" srcset=\"https:\/\/elektrogause.de\/wp-content\/uploads\/2026\/02\/ueber_uns-1024x576.jpg 1024w, https:\/\/elektrogause.de\/wp-content\/uploads\/2026\/02\/ueber_uns-300x169.jpg 300w, https:\/\/elektrogause.de\/wp-content\/uploads\/2026\/02\/ueber_uns-768x432.jpg 768w, https:\/\/elektrogause.de\/wp-content\/uploads\/2026\/02\/ueber_uns-1536x864.jpg 1536w, https:\/\/elektrogause.de\/wp-content\/uploads\/2026\/02\/ueber_uns.jpg 1600w\" sizes=\"auto, (max-width: 1024px) 100vw, 1024px\" \/><\/figure>\n\n\n\n<p>Elektro Gause ist ein Familienunternehmen, welches seit mehr als 20 Jahren sowohl in der Industrie&nbsp;als auch im privaten Bereich t\u00e4tig ist. Unsere Kunden unterst\u00fctzen wir von&nbsp;der Planung an&nbsp;bis zur fertigen Installation. Dabei ist uns Qualit\u00e4t, Sorgfalt und eine vollst\u00e4ndige Dokumentation samt Messungen sehr wichtig.<\/p>\n<\/div>\n<\/div><\/div>\n<\/div><\/div>\n","protected":false},"excerpt":{"rendered":"<p>Sie sind auf der Suche nach einem zuverl\u00e4ssigen, vertrauensw\u00fcrdigen und effizienten Elektriker, suchen Sie nicht weiter. Entscheiden Sie sich f\u00fcr Elektro Gause. Wir unterst\u00fctzen Sie elektrisch bei ihrem&nbsp;Bauvorhaben, Reparaturen, Wartungen oder jeglichen anderen Projekten.&nbsp;Melden Sie sich einfach bei uns und sagen Sie uns, was wir f\u00fcr Sie tun k\u00f6nnen.<\/p>\n","protected":false},"author":1,"featured_media":0,"parent":0,"menu_order":0,"comment_status":"closed","ping_status":"closed","template":"","meta":{"footnotes":""},"class_list":["post-104","page","type-page","status-publish","hentry"],"_links":{"self":[{"href":"https:\/\/elektrogause.de\/index.php?rest_route=\/wp\/v2\/pages\/104","targetHints":{"allow":["GET"]}}],"collection":[{"href":"https:\/\/elektrogause.de\/index.php?rest_route=\/wp\/v2\/pages"}],"about":[{"href":"https:\/\/elektrogause.de\/index.php?rest_route=\/wp\/v2\/types\/page"}],"author":[{"embeddable":true,"href":"https:\/\/elektrogause.de\/index.php?rest_route=\/wp\/v2\/users\/1"}],"replies":[{"embeddable":true,"href":"https:\/\/elektrogause.de\/index.php?rest_route=%2Fwp%2Fv2%2Fcomments&post=104"}],"version-history":[{"count":12,"href":"https:\/\/elektrogause.de\/index.php?rest_route=\/wp\/v2\/pages\/104\/revisions"}],"predecessor-version":[{"id":324,"href":"https:\/\/elektrogause.de\/index.php?rest_route=\/wp\/v2\/pages\/104\/revisions\/324"}],"wp:attachment":[{"href":"https:\/\/elektrogause.de\/index.php?rest_route=%2Fwp%2Fv2%2Fmedia&parent=104"}],"curies":[{"name":"wp","href":"https:\/\/api.w.org\/{rel}","templated":true}]}}