{"id":210,"date":"2022-10-28T18:46:33","date_gmt":"2022-10-28T16:46:33","guid":{"rendered":"http:\/\/192.168.0.103\/?page_id=210"},"modified":"2025-12-10T16:08:40","modified_gmt":"2025-12-10T16:08:40","slug":"impressum","status":"publish","type":"page","link":"https:\/\/elektrogause.de\/?page_id=210","title":{"rendered":"Impressum"},"content":{"rendered":"\n<div class=\"wp-block-group is-layout-flow wp-container-core-group-is-layout-b15f4bf2 wp-block-group-is-layout-flow\">\n<h2 class=\"wp-block-heading\">Anschrift<\/h2>\n\n\n\n<p><strong>Elektro Gause<br><\/strong>M\u00fchlental 47<br>24991 Gro\u00dfsolt<br>Telefon: 04633&nbsp;&#8211; 966 440<br>E-Mail:&nbsp;<a href=\"mailto:info@elektrogause.de\">info@elektrogause.de<\/a><\/p>\n<\/div>\n\n\n\n<div class=\"wp-block-group is-layout-flow wp-container-core-group-is-layout-b15f4bf2 wp-block-group-is-layout-flow\">\n<h2 class=\"wp-block-heading\">Haftungshinweis<\/h2>\n\n\n\n<p>Trotz sorgf\u00e4ltiger inhaltlicher Kontrolle \u00fcbernehmen wir keine Haftung f\u00fcr die Inhalte externer Links. F\u00fcr den Inhalt der verlinkten Seiten sind ausschlie\u00dflich deren Betreiber verantwortlich.<a><\/a><\/p>\n<\/div>\n\n\n\n<div class=\"wp-block-group is-layout-flow wp-container-core-group-is-layout-b15f4bf2 wp-block-group-is-layout-flow\">\n<h2 class=\"wp-block-heading\">Rechtliche Distanzierung der Inhalte<\/h2>\n\n\n\n<p>Elektro Gause \u00fcbernimmt keinerlei Gew\u00e4hr f\u00fcr die Aktualit\u00e4t, Korrektheit und Vollst\u00e4ndigkeit der bereitgestellten Informationen. Haftungsanspr\u00fcche gegen den Autor, welche sich auf Sch\u00e4den materieller oder ideeller Art beziehen, die durch die Nutzung oder Nichtnutzung der dargebotenen Informationen bzw. durch die Nutzung fehlerhafter und unvollst\u00e4ndiger Informationen verursacht wurden, sind grunds\u00e4tzlich ausgeschlossen, sofern seitens des Autors kein nachweislich vors\u00e4tzliches oder grob fahrl\u00e4ssiges Verschulden vorliegt.<\/p>\n<\/div>\n\n\n\n<div class=\"wp-block-group is-layout-flow wp-container-core-group-is-layout-b15f4bf2 wp-block-group-is-layout-flow\">\n<h3 class=\"wp-block-heading\">Quellenverzeichnis<\/h3>\n\n\n\n<p>Icons in der Fu\u00dfzeile werden von <a href=\"http:\/\/icons8.de\" data-type=\"URL\" data-id=\"icons8.de\">icons8.de<\/a> bereitgestellt<\/p>\n<\/div>\n\n\n\n<div class=\"wp-block-group is-layout-flow wp-container-core-group-is-layout-b15f4bf2 wp-block-group-is-layout-flow\">\n<h3 class=\"wp-block-heading\">Angaben gem\u00e4\u00df \u00a7 5 TMG<\/h3>\n\n\n\n<p>Sven Gause <br>Elektroinstallateur (Einzelunternehmer) <br>M\u00fchlental 47<br>24991 Gro\u00dfsolt<br>Registergericht: Amtsgericht Schleswig<\/p>\n<\/div>\n\n\n\n<div class=\"wp-block-group is-layout-flow wp-container-core-group-is-layout-b15f4bf2 wp-block-group-is-layout-flow\">\n<h2 class=\"wp-block-heading\">Kontakt<\/h2>\n\n\n\n<p>Telefon: +49 4633 966440<br>Fax: +49 4633 967441<br>E-Mail: info@elektrogause.de<\/p>\n<\/div>\n\n\n\n<div class=\"wp-block-group is-layout-flow wp-container-core-group-is-layout-b15f4bf2 wp-block-group-is-layout-flow\">\n<h3 class=\"wp-block-heading\">Umsatzsteuer-ID<\/h3>\n\n\n\n<p>Umsatzsteuer-Identifikationsnummer gem\u00e4\u00df \u00a7 27 a Umsatzsteuergesetz: 1506301774<\/p>\n<\/div>\n\n\n\n<div class=\"wp-block-group is-layout-flow wp-container-core-group-is-layout-b15f4bf2 wp-block-group-is-layout-flow\">\n<h3 class=\"wp-block-heading\">Wirtschaftsidentifikationsnummer<\/h3>\n\n\n\n<p>54654445<\/p>\n<\/div>\n\n\n\n<div class=\"wp-block-group is-layout-flow wp-container-core-group-is-layout-b15f4bf2 wp-block-group-is-layout-flow\">\n<h2 class=\"wp-block-heading\">Berufsbezeichnung und berufsrechtliche Regelungen<\/h2>\n\n\n\n<p>Berufsbezeichnung:<br>Elektroinstallateur-Meister<br><br>Zust\u00e4ndige Kammer: Handwerkskammer Flensburg<br>Johanniskirchhof 1<br>24937 Flensburg<br>Verliehen in:<br>Deutschland<br><br>Es gelten folgende berufsrechtliche Regelungen:<br>Handwerksordnung einsehbar unter:<br><a href=\"https:\/\/www.gesetze-im-internet.de\/hwo\/\" data-type=\"URL\" data-id=\"https:\/\/www.gesetze-im-internet.de\/hwo\/\">https:\/\/www.gesetze-im-internet.de\/hwo<\/a><\/p>\n<\/div>\n\n\n\n<div class=\"wp-block-group is-layout-flow wp-container-core-group-is-layout-b15f4bf2 wp-block-group-is-layout-flow\">\n<h2 class=\"wp-block-heading\">Angaben zur Berufshaftpflichtversicherung<\/h2>\n\n\n\n<p>Name und Sitz des Versicherers:<br>Inter Versicherungsgruppen<br>Postfach 101662<br>68016 Mannheim\u200b<br>Geltungsraum der Versicherung:<br>Deutschland<\/p>\n<\/div>\n\n\n\n<div class=\"wp-block-group is-layout-flow wp-container-core-group-is-layout-b15f4bf2 wp-block-group-is-layout-flow\">\n<h2 class=\"wp-block-heading\">EU-Streitschlichtung<\/h2>\n\n\n\n<p>Die Europ\u00e4ische Kommission stellt eine Plattform zur Online-Streitbeilegung (OS) bereit:<br><a href=\"https:\/\/ec.europa.eu\/consumers\/odr\/.\">https:\/\/ec.europa.eu\/consumers\/odr\/.<\/a><br>Unsere E-Mail-Adresse finden Sie oben im Impressum.<\/p>\n<\/div>\n\n\n\n<div class=\"wp-block-group is-layout-flow wp-container-core-group-is-layout-b15f4bf2 wp-block-group-is-layout-flow\">\n<h2 class=\"wp-block-heading\">Verbraucherstreitbeilegung\/<br>Universalschlichtungsstelle<\/h2>\n\n\n\n<p>Wir sind nicht bereit oder verpflichtet, an Streitbeilegungsverfahren vor einer Verbraucherschlichtungsstelle teilzunehmen.<\/p>\n<\/div>\n\n\n\n<div class=\"wp-block-group is-layout-flow wp-container-core-group-is-layout-b15f4bf2 wp-block-group-is-layout-flow\">\n<h2 class=\"wp-block-heading\">Verantwortlich f\u00fcr den Inhalt nach \u00a7 18 Abs. 2 MStV:<\/h2>\n\n\n\n<p>Sven Gause<br>M\u00fchlental 47<br>24991 Gro\u00dfsolt<\/p>\n<\/div>\n","protected":false},"excerpt":{"rendered":"<p>Anschrift Elektro GauseM\u00fchlental 4724991 Gro\u00dfsoltTelefon: 04633&nbsp;&#8211; 966 440E-Mail:&nbsp;info@elektrogause.de Haftungshinweis Trotz sorgf\u00e4ltiger inhaltlicher Kontrolle \u00fcbernehmen wir keine Haftung f\u00fcr die Inhalte externer Links. F\u00fcr den Inhalt der verlinkten Seiten sind ausschlie\u00dflich deren Betreiber verantwortlich. Rechtliche Distanzierung der Inhalte Elektro Gause \u00fcbernimmt keinerlei Gew\u00e4hr f\u00fcr die Aktualit\u00e4t, Korrektheit und Vollst\u00e4ndigkeit der bereitgestellten Informationen. Haftungsanspr\u00fcche gegen den Autor, [&hellip;]<\/p>\n","protected":false},"author":1,"featured_media":0,"parent":0,"menu_order":0,"comment_status":"closed","ping_status":"closed","template":"","meta":{"footnotes":""},"class_list":["post-210","page","type-page","status-publish","hentry"],"_links":{"self":[{"href":"https:\/\/elektrogause.de\/index.php?rest_route=\/wp\/v2\/pages\/210","targetHints":{"allow":["GET"]}}],"collection":[{"href":"https:\/\/elektrogause.de\/index.php?rest_route=\/wp\/v2\/pages"}],"about":[{"href":"https:\/\/elektrogause.de\/index.php?rest_route=\/wp\/v2\/types\/page"}],"author":[{"embeddable":true,"href":"https:\/\/elektrogause.de\/index.php?rest_route=\/wp\/v2\/users\/1"}],"replies":[{"embeddable":true,"href":"https:\/\/elektrogause.de\/index.php?rest_route=%2Fwp%2Fv2%2Fcomments&post=210"}],"version-history":[{"count":2,"href":"https:\/\/elektrogause.de\/index.php?rest_route=\/wp\/v2\/pages\/210\/revisions"}],"predecessor-version":[{"id":321,"href":"https:\/\/elektrogause.de\/index.php?rest_route=\/wp\/v2\/pages\/210\/revisions\/321"}],"wp:attachment":[{"href":"https:\/\/elektrogause.de\/index.php?rest_route=%2Fwp%2Fv2%2Fmedia&parent=210"}],"curies":[{"name":"wp","href":"https:\/\/api.w.org\/{rel}","templated":true}]}}